{"id":1273,"date":"2016-10-31T16:04:18","date_gmt":"2016-10-31T16:04:18","guid":{"rendered":"http:\/\/www.chsonespases.com\/sociedad-concesionaria\/"},"modified":"2018-01-03T10:15:24","modified_gmt":"2018-01-03T10:15:24","slug":"societat-concessionaria-hospital-universitari-son-espases","status":"publish","type":"page","link":"https:\/\/www.chsonespases.com\/ca\/societat-concessionaria-hospital-universitari-son-espases\/","title":{"rendered":"Societat Concession\u00e0ria"},"content":{"rendered":"<div class=\"wpb-content-wrapper\"><p>[vc_row row_type=&#8221;parallax&#8221; parallax_content_width=&#8221;in_grid&#8221; text_align=&#8221;left&#8221; background_image=&#8221;497&#8243; full_screen_section_height=&#8221;no&#8221;][vc_column][vc_empty_space height=&#8221;54px&#8221;][vc_row_inner row_type=&#8221;row&#8221; type=&#8221;full_width&#8221; text_align=&#8221;left&#8221; css_animation=&#8221;&#8221;][vc_column_inner width=&#8221;1\/2&#8243;][vc_empty_space height=&#8221;18px&#8221;][vc_column_text]<\/p>\n<h3><img loading=\"lazy\" decoding=\"async\" class=\"alignnone wp-image-422\" src=\"https:\/\/www.chsonespases.com\/wp-content\/uploads\/2017\/12\/logo-amarillo.png\" alt=\"\" width=\"27\" height=\"26\" \/>\u00a0 Empresa<\/h3>\n<p>[\/vc_column_text][vc_empty_space height=&#8221;18px&#8221;][vc_column_text]<\/p>\n<p style=\"text-align: justify;\"><span style=\"font-weight: 400;\">La <strong>Societat Concession\u00e0ria Hospital Universitari Son Espases<\/strong> \u00e9s una empresa que va n\u00e9ixer per realitzar les obres de construcci\u00f3 de l&#8217;hospital m\u00e9s gran de Balears, centre de refer\u00e8ncia per a totes les illes, situat a Mallorca.<\/span><\/p>\n<p>&nbsp;<\/p>\n<p style=\"text-align: justify;\"><span style=\"font-weight: 400;\">Actualment, la nostra funci\u00f3 \u00e9s la de dur a terme la prestaci\u00f3 integral de tots els <strong>serveis de suport a les activitats assistencials, docents i investigadores<\/strong> que es desenvolupen a l&#8217;Hospital Universitari Son\u00a0Espases. <\/span><\/p>\n<p>[\/vc_column_text][vc_empty_space height=&#8221;45px&#8221;][\/vc_column_inner][vc_column_inner width=&#8221;1\/2&#8243;][vc_empty_space height=&#8221;104px&#8221;][vc_column_text]<img loading=\"lazy\" decoding=\"async\" class=\"wp-image-1122 alignleft\" src=\"https:\/\/www.chsonespases.com\/wp-content\/uploads\/2017\/12\/ohsas-18001-2.png\" alt=\"\" width=\"150\" height=\"78\" \/> <img loading=\"lazy\" decoding=\"async\" class=\"wp-image-1125 alignleft\" src=\"https:\/\/www.chsonespases.com\/wp-content\/uploads\/2017\/12\/iso9001-2.png\" alt=\"\" width=\"150\" height=\"78\" \/>[\/vc_column_text][\/vc_column_inner][\/vc_row_inner][vc_empty_space height=&#8221;34px&#8221;][vc_row_inner row_type=&#8221;row&#8221; type=&#8221;full_width&#8221; text_align=&#8221;left&#8221; css_animation=&#8221;&#8221;][vc_column_inner][vc_column_text]<\/p>\n<h3><img loading=\"lazy\" decoding=\"async\" class=\"alignnone wp-image-422\" src=\"https:\/\/www.chsonespases.com\/wp-content\/uploads\/2017\/12\/logo-amarillo.png\" alt=\"\" width=\"27\" height=\"26\" \/>\u00a0 Objetius<\/h3>\n<p>[\/vc_column_text][vc_empty_space height=&#8221;18px&#8221;][vc_column_text]<\/p>\n<p style=\"text-align: justify;\"><span style=\"font-weight: 400;\">El nostre objectiu principal com a Societat Concession\u00e0ria Hospital Universitari Son Espases \u00e9s <strong>garantir l&#8217;excel\u00b7l\u00e8ncia en el servei<\/strong> que rep l&#8217;usuari del centre hospitalari. En qualsevol moment, tant si acudeix com a pacient com si ho fa com a acompanyant o familiar.<\/span><\/p>\n<p>&nbsp;<\/p>\n<p style=\"text-align: justify;\"><span style=\"font-weight: 400;\">En aquest sentit, l&#8217;empresa compta amb una perllongada experi\u00e8ncia dins del sector de <strong>serveis de suport\u00a0en espais sanitaris<\/strong> i incorpora permanentment les t\u00e8cniques m\u00e9s avan\u00e7ades de treball, tecnologia d&#8217;\u00faltima generaci\u00f3 i els millors materials. Optimitzant aix\u00ed la gesti\u00f3 de la nostra \u00e0mplia cartera de serveis.<\/span><\/p>\n<p>[\/vc_column_text][vc_empty_space height=&#8221;34px&#8221;][\/vc_column_inner][\/vc_row_inner][vc_empty_space][vc_row_inner row_type=&#8221;row&#8221; type=&#8221;grid&#8221; text_align=&#8221;left&#8221; css_animation=&#8221;element_from_fade&#8221;][vc_column_inner width=&#8221;1\/4&#8243;][vc_column_text]<img decoding=\"async\" class=\"wp-image-405 alignleft\" style=\"margin: 4px 15px 0px 0 !important;\" src=\"https:\/\/www.chsonespases.com\/wp-content\/uploads\/2017\/11\/favicon.png\" alt=\"\" width=\"15\" \/><b> Garantir la m\u00e0xima qualitat en la prestaci\u00f3 dels serveis no cl\u00ednics<\/b> de l&#8217;Hospital Universitari Son Espases, amb la finalitat d&#8217;aconseguir la plena satisfacci\u00f3 dels seus usuaris i amb la vocaci\u00f3 d&#8217;anar sempre m\u00e9s enll\u00e0 de l&#8217;est\u00e0ndard exigit.[\/vc_column_text][vc_separator type=&#8221;normal&#8221;][\/vc_column_inner][vc_column_inner width=&#8221;1\/4&#8243;][vc_column_text]<img decoding=\"async\" class=\"wp-image-405 alignleft\" style=\"margin: 4px 15px 0px 0 !important;\" src=\"https:\/\/www.chsonespases.com\/wp-content\/uploads\/2017\/11\/favicon.png\" alt=\"\" width=\"15\" \/><\/p>\n<p><b>Implantar un sistema de cooperaci\u00f3 i coordinaci\u00f3<\/b> permanent amb el seu entorn.<\/p>\n<p>[\/vc_column_text][vc_separator type=&#8221;normal&#8221;][\/vc_column_inner][vc_column_inner width=&#8221;1\/4&#8243;][vc_column_text]<img decoding=\"async\" class=\"wp-image-405 alignleft\" style=\"margin: 4px 15px 0px 0 !important;\" src=\"https:\/\/www.chsonespases.com\/wp-content\/uploads\/2017\/11\/favicon.png\" alt=\"\" width=\"15\" \/><\/p>\n<p class=\"p1\"><span class=\"s1\"><b>Disposar d&#8217;un sistema integral d&#8217;informaci\u00f3<\/b>, que possibiliti la integraci\u00f3 amb els sistemes de l&#8217;hospital, oferint un entorn de gesti\u00f3 pr\u00e0ctic i senzill.<\/span><\/p>\n<p>[\/vc_column_text][vc_separator type=&#8221;normal&#8221;][\/vc_column_inner][vc_column_inner width=&#8221;1\/4&#8243;][vc_column_text]<img decoding=\"async\" class=\"wp-image-405 alignleft\" style=\"margin: 4px 15px 0px 0 !important;\" src=\"https:\/\/www.chsonespases.com\/wp-content\/uploads\/2017\/11\/favicon.png\" alt=\"\" width=\"15\" \/><\/p>\n<p class=\"p1\"><span class=\"s1\"><b>Dissenyar un sistema de gesti\u00f3 per processos<\/b> que, incorporant les \u00faltimes eines tecnol\u00f2giques i organitzatives, garanteixi sempre els m\u00e0xims nivells d&#8217;efici\u00e8ncia i qualitat.<\/span><\/p>\n<p>[\/vc_column_text][vc_separator type=&#8221;normal&#8221;][\/vc_column_inner][\/vc_row_inner][vc_empty_space][vc_row_inner row_type=&#8221;row&#8221; type=&#8221;grid&#8221; text_align=&#8221;left&#8221; css_animation=&#8221;element_from_fade&#8221;][vc_column_inner width=&#8221;1\/4&#8243;][vc_column_text]<img decoding=\"async\" class=\"wp-image-405 alignleft\" style=\"margin: 4px 15px 0px 0 !important;\" src=\"https:\/\/www.chsonespases.com\/wp-content\/uploads\/2017\/11\/favicon.png\" alt=\"\" width=\"15\" \/><\/p>\n<p class=\"p1\"><span class=\"s1\"><b>Implantar Plans de Gesti\u00f3 Mediambiental i Sostenibilitat i Plans d&#8217;Estalvi i Efici\u00e8ncia Energ\u00e8tica,<\/b> que garanteixin el major respecte al medi ambient.<\/span><\/p>\n<p>[\/vc_column_text][vc_separator type=&#8221;normal&#8221;][\/vc_column_inner][vc_column_inner width=&#8221;1\/4&#8243;][vc_column_text]<img decoding=\"async\" class=\"wp-image-405 alignleft\" style=\"margin: 4px 15px 0px 0 !important;\" src=\"https:\/\/www.chsonespases.com\/wp-content\/uploads\/2017\/11\/favicon.png\" alt=\"\" width=\"15\" \/><\/p>\n<p class=\"p1\"><span class=\"s1\"><b>Obtenir les certificacions de qualitat<\/b> per tots i cadascun dels productes que componen la seva <b>cartera de serveis.<\/b><\/span><\/p>\n<p>[\/vc_column_text][vc_separator type=&#8221;normal&#8221;][\/vc_column_inner][vc_column_inner width=&#8221;1\/4&#8243;][vc_column_text]<img decoding=\"async\" class=\"wp-image-405 alignleft\" style=\"margin: 4px 15px 0px 0 !important;\" src=\"https:\/\/www.chsonespases.com\/wp-content\/uploads\/2017\/11\/favicon.png\" alt=\"\" width=\"15\" \/><\/p>\n<p class=\"p1\"><span class=\"s1\"><b>Aplicar una pol\u00edtica integral de personal<\/b>, dirigida al conjunt de col\u00b7laboradors que desenvolupen els serveis no cl\u00ednics de l&#8217;hospital, amb l&#8217;objectiu de crear un entorn din\u00e0mic basat en la seguretat, l&#8217;efici\u00e8ncia, la qualitat, el respecte i el creixement professional i hum\u00e0.<\/span><\/p>\n<p>[\/vc_column_text][vc_separator type=&#8221;normal&#8221;][\/vc_column_inner][vc_column_inner width=&#8221;1\/4&#8243;][vc_column_text]<img decoding=\"async\" class=\"wp-image-405 alignleft\" style=\"margin: 4px 15px 0px 0 !important;\" src=\"https:\/\/www.chsonespases.com\/wp-content\/uploads\/2017\/11\/favicon.png\" alt=\"\" width=\"15\" \/><\/p>\n<p class=\"p1\"><span class=\"s1\"><b>Oferir un servei integral<\/b>, m\u00e9s enll\u00e0 de la gesti\u00f3 de cada producte i d&#8217;acord amb la missi\u00f3 i visi\u00f3 de la <b>Societat Concession\u00e0ria Hospital Universitari Son Espases<\/b>.<\/span><\/p>\n<p>[\/vc_column_text][vc_separator type=&#8221;normal&#8221;][\/vc_column_inner][\/vc_row_inner][\/vc_column][\/vc_row][vc_row css_animation=&#8221;&#8221; row_type=&#8221;row&#8221; use_row_as_full_screen_section=&#8221;no&#8221; type=&#8221;full_width&#8221; angled_section=&#8221;no&#8221; text_align=&#8221;left&#8221; background_image_as_pattern=&#8221;without_pattern&#8221;][vc_column][vc_empty_space][\/vc_column][\/vc_row][vc_row css_animation=&#8221;&#8221; row_type=&#8221;row&#8221; use_row_as_full_screen_section=&#8221;no&#8221; type=&#8221;full_width&#8221; angled_section=&#8221;no&#8221; text_align=&#8221;left&#8221; background_image_as_pattern=&#8221;without_pattern&#8221;][vc_column]<div class='projects_holder_outer v4 portfolio_no_space portfolio_with_hover_text'><div class='projects_holder portfolio_main_holder clearfix v4 hover_text no_space portfolio_landscape_image portfolio_one_by_one'>\n<article class='mix portfolio_category_24 ' style=''><div class=\"item_holder subtle_vertical_hover\"><div class=\"text_holder\"><div class=\"text_holder_outer\"><div class=\"text_holder_inner\"><div class=\"icons_holder\"><a itemprop=\"image\" class=\"portfolio_lightbox\" title=\"foto 4\" href=\"https:\/\/www.chsonespases.com\/wp-content\/uploads\/2017\/12\/ch-son-espases-27.jpg\" data-rel=\"prettyPhoto[pretty_photo_gallery]\" rel=\"prettyPhoto[pretty_photo_gallery]\"><\/a><\/div><\/div><\/div><\/div><div style=\"background-color: rgba(2,51,104,0.9)\" class=\"portfolio_shader\"><\/div><div class=\"image_holder\"><span class=\"image\"><img loading=\"lazy\" decoding=\"async\" width=\"800\" height=\"600\" src=\"https:\/\/www.chsonespases.com\/wp-content\/uploads\/2017\/12\/ch-son-espases-27-800x600.jpg\" class=\"attachment-portfolio-landscape size-portfolio-landscape wp-post-image\" alt=\"\" \/><\/span><\/div><\/div><\/article>\n<article class='mix portfolio_category_24 ' style=''><div class=\"item_holder subtle_vertical_hover\"><div class=\"text_holder\"><div class=\"text_holder_outer\"><div class=\"text_holder_inner\"><div class=\"icons_holder\"><a itemprop=\"image\" class=\"portfolio_lightbox\" title=\"foto 3\" href=\"https:\/\/www.chsonespases.com\/wp-content\/uploads\/2017\/12\/ch-son-espases-68.jpg\" data-rel=\"prettyPhoto[pretty_photo_gallery]\" rel=\"prettyPhoto[pretty_photo_gallery]\"><\/a><\/div><\/div><\/div><\/div><div style=\"background-color: rgba(2,51,104,0.9)\" class=\"portfolio_shader\"><\/div><div class=\"image_holder\"><span class=\"image\"><img loading=\"lazy\" decoding=\"async\" width=\"800\" height=\"600\" src=\"https:\/\/www.chsonespases.com\/wp-content\/uploads\/2017\/12\/ch-son-espases-68-800x600.jpg\" class=\"attachment-portfolio-landscape size-portfolio-landscape wp-post-image\" alt=\"\" \/><\/span><\/div><\/div><\/article>\n<article class='mix portfolio_category_24 ' style=''><div class=\"item_holder subtle_vertical_hover\"><div class=\"text_holder\"><div class=\"text_holder_outer\"><div class=\"text_holder_inner\"><div class=\"icons_holder\"><a itemprop=\"image\" class=\"portfolio_lightbox\" title=\"foto 2\" href=\"https:\/\/www.chsonespases.com\/wp-content\/uploads\/2017\/12\/ch-son-espases-32.jpg\" data-rel=\"prettyPhoto[pretty_photo_gallery]\" rel=\"prettyPhoto[pretty_photo_gallery]\"><\/a><\/div><\/div><\/div><\/div><div style=\"background-color: rgba(2,51,104,0.9)\" class=\"portfolio_shader\"><\/div><div class=\"image_holder\"><span class=\"image\"><img loading=\"lazy\" decoding=\"async\" width=\"800\" height=\"600\" src=\"https:\/\/www.chsonespases.com\/wp-content\/uploads\/2017\/12\/ch-son-espases-32-800x600.jpg\" class=\"attachment-portfolio-landscape size-portfolio-landscape wp-post-image\" alt=\"\" \/><\/span><\/div><\/div><\/article>\n<article class='mix portfolio_category_24 ' style=''><div class=\"item_holder subtle_vertical_hover\"><div class=\"text_holder\"><div class=\"text_holder_outer\"><div class=\"text_holder_inner\"><div class=\"icons_holder\"><a itemprop=\"image\" class=\"portfolio_lightbox\" title=\"foto 1\" href=\"https:\/\/www.chsonespases.com\/wp-content\/uploads\/2017\/12\/ch-son-espases-67.jpg\" data-rel=\"prettyPhoto[pretty_photo_gallery]\" rel=\"prettyPhoto[pretty_photo_gallery]\"><\/a><\/div><\/div><\/div><\/div><div style=\"background-color: rgba(2,51,104,0.9)\" class=\"portfolio_shader\"><\/div><div class=\"image_holder\"><span class=\"image\"><img loading=\"lazy\" decoding=\"async\" width=\"800\" height=\"600\" src=\"https:\/\/www.chsonespases.com\/wp-content\/uploads\/2017\/12\/ch-son-espases-67-800x600.jpg\" class=\"attachment-portfolio-landscape size-portfolio-landscape wp-post-image\" alt=\"\" \/><\/span><\/div><\/div><\/article>\n<div class='filler'><\/div>\n<div class='filler'><\/div>\n<div class='filler'><\/div>\n<div class='filler'><\/div>\n<\/div><\/div>[\/vc_column][\/vc_row]<\/p>\n<\/div>","protected":false},"excerpt":{"rendered":"<p>[vc_row row_type=&#8221;parallax&#8221; parallax_content_width=&#8221;in_grid&#8221; text_align=&#8221;left&#8221; background_image=&#8221;497&#8243; full_screen_section_height=&#8221;no&#8221;][vc_column][vc_empty_space height=&#8221;54px&#8221;][vc_row_inner row_type=&#8221;row&#8221; type=&#8221;full_width&#8221; text_align=&#8221;left&#8221; css_animation=&#8221;&#8221;][vc_column_inner width=&#8221;1\/2&#8243;][vc_empty_space height=&#8221;18px&#8221;][vc_column_text] \u00a0 Empresa [\/vc_column_text][vc_empty_space height=&#8221;18px&#8221;][vc_column_text] La Societat Concession\u00e0ria Hospital Universitari Son Espases \u00e9s una empresa que va n\u00e9ixer per realitzar les obres de construcci\u00f3 de l&#8217;hospital m\u00e9s gran de Balears, centre de refer\u00e8ncia&#8230;<\/p>\n","protected":false},"author":3,"featured_media":0,"parent":0,"menu_order":0,"comment_status":"closed","ping_status":"closed","template":"full_width.php","meta":{"footnotes":""},"class_list":["post-1273","page","type-page","status-publish","hentry"],"_links":{"self":[{"href":"https:\/\/www.chsonespases.com\/ca\/wp-json\/wp\/v2\/pages\/1273","targetHints":{"allow":["GET"]}}],"collection":[{"href":"https:\/\/www.chsonespases.com\/ca\/wp-json\/wp\/v2\/pages"}],"about":[{"href":"https:\/\/www.chsonespases.com\/ca\/wp-json\/wp\/v2\/types\/page"}],"author":[{"embeddable":true,"href":"https:\/\/www.chsonespases.com\/ca\/wp-json\/wp\/v2\/users\/3"}],"replies":[{"embeddable":true,"href":"https:\/\/www.chsonespases.com\/ca\/wp-json\/wp\/v2\/comments?post=1273"}],"version-history":[{"count":0,"href":"https:\/\/www.chsonespases.com\/ca\/wp-json\/wp\/v2\/pages\/1273\/revisions"}],"wp:attachment":[{"href":"https:\/\/www.chsonespases.com\/ca\/wp-json\/wp\/v2\/media?parent=1273"}],"curies":[{"name":"wp","href":"https:\/\/api.w.org\/{rel}","templated":true}]}}