{"id":1279,"date":"2016-11-01T10:37:50","date_gmt":"2016-11-01T10:37:50","guid":{"rendered":"http:\/\/www.chsonespases.com\/servicios\/"},"modified":"2020-12-10T16:34:10","modified_gmt":"2020-12-10T16:34:10","slug":"serveis","status":"publish","type":"page","link":"https:\/\/www.chsonespases.com\/ca\/serveis\/","title":{"rendered":"Serveis"},"content":{"rendered":"<div class=\"wpb-content-wrapper\"><p>[vc_row row_type=&#8221;parallax&#8221; parallax_content_width=&#8221;in_grid&#8221; text_align=&#8221;left&#8221; background_image=&#8221;497&#8243; full_screen_section_height=&#8221;no&#8221;][vc_column][vc_row_inner row_type=&#8221;row&#8221; type=&#8221;grid&#8221; text_align=&#8221;left&#8221; css_animation=&#8221;&#8221; css=&#8221;.vc_custom_1512571538767{padding-top: 80px !important;}&#8221;][vc_column_inner width=&#8221;1\/3&#8243;]<div class='q_icon_with_title medium custom_icon_image left_from_title'><div class=\"icon_text_holder\" style=\"\"><div class=\"icon_text_inner\" style=\"\"><div class=\"icon_title_holder\"><div class=\"icon_holder q_icon_animation\" style=\" \"><img decoding=\"async\" itemprop=\"image\" style=\"\" src=\"https:\/\/www.chsonespases.com\/wp-content\/uploads\/2017\/12\/alimentacion.png\" alt=\"\"><\/div><h4 class=\"icon_title\" style=\"color: #35435e;font-weight: 500;\">Alimentaci\u00f3 a Pacients<\/h4><\/div>[vc_separator type=\"small\" position=\"left\" color=\"#566590\" thickness=\"2\" width=\"78\" up=\"0\" down=\"15\"]<p style=''>El Servei d'Alimentaci\u00f3 Hospital\u00e0ria realitza la gesti\u00f3 integral de la manutenci\u00f3 per als pacients de l'Hospital Universitari Son Espases. La prestaci\u00f3 tot el proc\u00e9s, des del prove\u00efment de mat\u00e8ries primeres fins a l'elaboraci\u00f3 dels men\u00fas mitjan\u00e7ant la tecnologia de l\u00ednia freda. S'atenen m\u00e9s de 230.000 dietes a l'any amb m\u00e9s de 30 tipologies de dietes terap\u00e8utiques, garantint en tot moment els criteris nutricionals i de seguretat aliment\u00e0ria amb la m\u00e0xima qualitat.<\/p><\/div><\/div><\/div>[\/vc_column_inner][vc_column_inner width=&#8221;1\/3&#8243;]<div class='q_icon_with_title medium custom_icon_image left_from_title'><div class=\"icon_text_holder\" style=\"\"><div class=\"icon_text_inner\" style=\"\"><div class=\"icon_title_holder\"><div class=\"icon_holder q_icon_animation\" style=\" \"><img decoding=\"async\" itemprop=\"image\" style=\"\" src=\"https:\/\/www.chsonespases.com\/wp-content\/uploads\/2017\/12\/lavanderia-1.png\" alt=\"\"><\/div><h4 class=\"icon_title\" style=\"color: #35435e;font-weight: 500;\">Bugaderia i Llenceria<\/h4><\/div>[vc_separator type=\"small\" position=\"left\" color=\"#566590\" thickness=\"2\" width=\"78\" up=\"0\" down=\"15\"]<p style=''>El Servei de bugaderia i llenceria t\u00e9 com a objectiu oferir una correcta higienitzaci\u00f3 i reposici\u00f3 de la roba que van a utilitzar els pacients, aix\u00ed com el subministrament d'uniformitat a tot el personal de l'Hospital Universitari Son Espases. Es disposa igualment d'un departament de costura que realitza tasques de manteniment d'uniformitat i confeccions a mida per a tots els serveis que aix\u00ed ho sol\u00b7licitin.<\/p><\/div><\/div><\/div>[\/vc_column_inner][vc_column_inner width=&#8221;1\/3&#8243;]<div class='q_icon_with_title medium custom_icon_image left_from_title'><div class=\"icon_text_holder\" style=\"\"><div class=\"icon_text_inner\" style=\"\"><div class=\"icon_title_holder\"><div class=\"icon_holder q_icon_animation\" style=\" \"><img decoding=\"async\" itemprop=\"image\" style=\"\" src=\"https:\/\/www.chsonespases.com\/wp-content\/uploads\/2020\/12\/esterilizacion01-e1607616093650.png\" alt=\"\"><\/div><h4 class=\"icon_title\" style=\"color: #35435e;font-weight: 500;\">Esterilitzaci\u00f3<\/h4><\/div>[vc_separator type=\"small\" position=\"left\" color=\"#566590\" thickness=\"2\" width=\"78\" up=\"0\" down=\"15\"]<p style=''>El Servei d'Esterilitzaci\u00f3 s'encarrega dels processos de rentat, desinfecci\u00f3, assecat, empaquetat i posada a la disposici\u00f3 dels productes sanitaris reutilitzables requerits per l'atenci\u00f3 als pacients. Es contribueix d'aquesta manera al proc\u00e9s general d'as\u00e8psia del instrumental de l'Hospital Universitari Son Espases a trav\u00e9s de l'aplicaci\u00f3 dels procediments m\u00e9s adequats per a cada tipus de material i el seguiment dels est\u00e0ndards de recomanaci\u00f3 establerts. Amb la seva tasca es facilita la prestaci\u00f3 de l'assist\u00e8ncia sanit\u00e0ria de qualitat i la prevenci\u00f3 del desenvolupament d'infeccions hospital\u00e0ries i nosocomials.<\/p><\/div><\/div><\/div>[\/vc_column_inner][\/vc_row_inner][vc_row_inner row_type=&#8221;row&#8221; type=&#8221;grid&#8221; text_align=&#8221;left&#8221; css_animation=&#8221;&#8221; css=&#8221;.vc_custom_1512571549536{padding-top: 60px !important;}&#8221;][vc_column_inner width=&#8221;1\/3&#8243;]<div class='q_icon_with_title medium custom_icon_image left_from_title'><div class=\"icon_text_holder\" style=\"\"><div class=\"icon_text_inner\" style=\"\"><div class=\"icon_title_holder\"><div class=\"icon_holder q_icon_animation\" style=\" \"><img decoding=\"async\" itemprop=\"image\" style=\"\" src=\"https:\/\/www.chsonespases.com\/wp-content\/uploads\/2017\/12\/mantenimiento-general.png\" alt=\"\"><\/div><h4 class=\"icon_title\" style=\"color: #35435e;font-weight: 500;\">Manteniment General<\/h4><\/div>[vc_separator type=\"small\" position=\"left\" color=\"#566590\" thickness=\"2\" width=\"78\" up=\"0\" down=\"15\"]<p style=''>El Servei de Manteniment realitza la gesti\u00f3 integral de l'edifici i les seves instal\u00b7lacions, amb l'objectiu de conservar les mateixes en condicions \u00f2ptimes d'\u00fas per a pacients i treballadors, garantint el compliment de la normativa en tot moment.<\/p><\/div><\/div><\/div>[\/vc_column_inner][vc_column_inner width=&#8221;1\/3&#8243;]<div class='q_icon_with_title medium custom_icon_image left_from_title'><div class=\"icon_text_holder\" style=\"\"><div class=\"icon_text_inner\" style=\"\"><div class=\"icon_title_holder\"><div class=\"icon_holder q_icon_animation\" style=\" \"><img decoding=\"async\" itemprop=\"image\" style=\"\" src=\"https:\/\/www.chsonespases.com\/wp-content\/uploads\/2017\/12\/jardineria.png\" alt=\"\"><\/div><h4 class=\"icon_title\" style=\"color: #35435e;font-weight: 500;\">Jardineria<\/h4><\/div>[vc_separator type=\"small\" position=\"left\" color=\"#566590\" thickness=\"2\" width=\"78\" up=\"0\" down=\"15\"]<p style=''>El Servei de Jardineria s'ocupa de la conservaci\u00f3 de les zones verdes tant del interior com de l'exterior de centre hospitalari. Per a aix\u00f2 es realitza un manteniment peri\u00f2dic d'acord amb les caracter\u00edstiques del recinte per a conservar tots els espais ambientals de l'Hospital Universitari Son Espases.<\/p><\/div><\/div><\/div>[\/vc_column_inner][vc_column_inner width=&#8221;1\/3&#8243;]<div class='q_icon_with_title medium custom_icon_image left_from_title'><div class=\"icon_text_holder\" style=\"\"><div class=\"icon_text_inner\" style=\"\"><div class=\"icon_title_holder\"><div class=\"icon_holder q_icon_animation\" style=\" \"><img decoding=\"async\" itemprop=\"image\" style=\"\" src=\"https:\/\/www.chsonespases.com\/wp-content\/uploads\/2017\/12\/biblioteca-imprenta.png\" alt=\"\"><\/div><h4 class=\"icon_title\" style=\"color: #35435e;font-weight: 500;\">Servei de biblioteca<\/h4><\/div>[vc_separator type=\"small\" position=\"left\" color=\"#566590\" thickness=\"2\" width=\"78\" up=\"0\" down=\"15\"]<p style=''>El Servei de Biblioteca s'ocupa de la gesti\u00f3 documental de l'Hospital Universitari Son Espases i col\u00b7labora amb la Biblioteca Virtual de les Ci\u00e8ncies de la Salut de les Illes Balears; proporciona eal personal de l'organitzaci\u00f3 informaci\u00f3 cient\u00edfica i t\u00e8cnica per al desenvolupament de la seva activitat assistencial, docent i investigadora en mat\u00e8ria de Ci\u00e8ncies de la Salut.<\/p><\/div><\/div><\/div>[\/vc_column_inner][\/vc_row_inner][vc_row_inner row_type=&#8221;row&#8221; type=&#8221;full_width&#8221; text_align=&#8221;left&#8221; css_animation=&#8221;&#8221; css=&#8221;.vc_custom_1512571976203{padding-top: 60px !important;}&#8221;][vc_column_inner width=&#8221;1\/3&#8243;]<div class='q_icon_with_title medium custom_icon_image left_from_title'><div class=\"icon_text_holder\" style=\"\"><div class=\"icon_text_inner\" style=\"\"><div class=\"icon_title_holder\"><div class=\"icon_holder q_icon_animation\" style=\" \"><img decoding=\"async\" itemprop=\"image\" style=\"\" src=\"https:\/\/www.chsonespases.com\/wp-content\/uploads\/2017\/12\/gestion-de-residuos.png\" alt=\"\"><\/div><h4 class=\"icon_title\" style=\"color: #35435e;font-weight: 500;\">Gesti\u00f3 de Residus<\/h4><\/div>[vc_separator type=\"small\" position=\"left\" color=\"#566590\" thickness=\"2\" width=\"78\" up=\"0\" down=\"15\"]<p style=''>El Servei de Gesti\u00f3 de Residus realitza la gesti\u00f3 de la seva recollida al centre hospitalari d'una forma segura, higi\u00e8nica i efica\u00e7. Es garanteix la correcta execuci\u00f3 dels processos requerits en la normativa, des de la recollida dels residus en el punt final per a la seva eliminaci\u00f3.<\/p><\/div><\/div><\/div>[\/vc_column_inner][vc_column_inner width=&#8221;1\/3&#8243;]<div class='q_icon_with_title medium custom_icon_image left_from_title'><div class=\"icon_text_holder\" style=\"\"><div class=\"icon_text_inner\" style=\"\"><div class=\"icon_title_holder\"><div class=\"icon_holder q_icon_animation\" style=\" \"><img decoding=\"async\" itemprop=\"image\" style=\"\" src=\"https:\/\/www.chsonespases.com\/wp-content\/uploads\/2017\/12\/desinfeccion.png\" alt=\"\"><\/div><h4 class=\"icon_title\" style=\"color: #35435e;font-weight: 500;\">Desinsectaci\u00f3 i Desratitzaci\u00f3<\/h4><\/div>[vc_separator type=\"small\" position=\"left\" color=\"#566590\" thickness=\"2\" width=\"78\" up=\"0\" down=\"15\"]<p style=''>El Servei de Desinsectaci\u00f3 i Desratitzaci\u00f3 garanteix la correcta execuci\u00f3 dels protocols a les depend\u00e8ncies de l'Hospital Universitari Son Espases mantenint-les lliures d'animals que puguin comprometre el funcionament normal de centre.<\/p><\/div><\/div><\/div>[\/vc_column_inner][vc_column_inner width=&#8221;1\/3&#8243;]<div class='q_icon_with_title medium custom_icon_image left_from_title'><div class=\"icon_text_holder\" style=\"\"><div class=\"icon_text_inner\" style=\"\"><div class=\"icon_title_holder\"><div class=\"icon_holder q_icon_animation\" style=\" \"><img decoding=\"async\" itemprop=\"image\" style=\"\" src=\"https:\/\/www.chsonespases.com\/wp-content\/uploads\/2017\/12\/parking.png\" alt=\"\"><\/div><h4 class=\"icon_title\" style=\"color: #35435e;font-weight: 500;\">Aparcament<\/h4><\/div>[vc_separator type=\"small\" position=\"left\" color=\"#566590\" thickness=\"2\" width=\"78\" up=\"0\" down=\"15\"]<p style=''>El Servei d'Aparcament compr\u00e8n la gesti\u00f3 i el control de totes les places del l'recinte hospitalari, tant per a \u00fas del p\u00fablic com per als treballadors.<\/p><\/div><\/div><\/div>[\/vc_column_inner][\/vc_row_inner][vc_row_inner row_type=&#8221;row&#8221; type=&#8221;full_width&#8221; text_align=&#8221;left&#8221; css_animation=&#8221;&#8221;][vc_column_inner width=&#8221;1\/3&#8243;]<div class='q_icon_with_title medium custom_icon_image left_from_title'><div class=\"icon_text_holder\" style=\"\"><div class=\"icon_text_inner\" style=\"\"><div class=\"icon_title_holder\"><div class=\"icon_holder q_icon_animation\" style=\" \"><img decoding=\"async\" itemprop=\"image\" style=\"\" src=\"https:\/\/www.chsonespases.com\/wp-content\/uploads\/2017\/12\/archivos-historias-clinicas.png\" alt=\"\"><\/div><h4 class=\"icon_title\" style=\"color: #35435e;font-weight: 500;\">Gesti\u00f3 de l'Arxiu d'Hist\u00f2ries Cl\u00edniques<\/h4><\/div>[vc_separator type=\"small\" position=\"left\" color=\"#566590\" thickness=\"2\" width=\"78\" up=\"0\" down=\"15\"]<p style=''>El Servei de Gesti\u00f3 de l'Arxiu d'Hist\u00f2ries Cl\u00edniques s'encarrega de l'organitzaci\u00f3 i gesti\u00f3 de la documentaci\u00f3 sanit\u00e0ria de l'Hospital Universitari Son Espases. El proc\u00e9s es realitza garantint el compliment de la normativa vigent, especialment la LOPD i la RGDP.<\/p><\/div><\/div><\/div>[\/vc_column_inner][vc_column_inner width=&#8221;1\/3&#8243;]<div class='q_icon_with_title medium custom_icon_image left_from_title'><div class=\"icon_text_holder\" style=\"\"><div class=\"icon_text_inner\" style=\"\"><div class=\"icon_title_holder\"><div class=\"icon_holder q_icon_animation\" style=\" \"><img decoding=\"async\" itemprop=\"image\" style=\"\" src=\"https:\/\/www.chsonespases.com\/wp-content\/uploads\/2017\/12\/locales-comerciales.png\" alt=\"\"><\/div><h4 class=\"icon_title\" style=\"color: #35435e;font-weight: 500;\">Locals Comercials<\/h4><\/div>[vc_separator type=\"small\" position=\"left\" color=\"#566590\" thickness=\"2\" width=\"78\" up=\"0\" down=\"15\"]<p style=''>El Servei de Locals Comercials gestiona els espais comercials disponibles al centre hospitalari. S'assegura el correcte acc\u00e9s a la compra de determinats serveis, articles o productes sense necessitat de despla\u00e7ar-se fora de l'hospital. En l'actualitat l'hospital compta, entre d'altres negocis, amb una papereria, un supermercat, una botiga de roba, una entitat banc\u00e0ria i quatre cafeteries. <\/p><\/div><\/div><\/div>[\/vc_column_inner][vc_column_inner width=&#8221;1\/3&#8243;]<div class='q_icon_with_title medium custom_icon_image left_from_title'><div class=\"icon_text_holder\" style=\"\"><div class=\"icon_text_inner\" style=\"\"><div class=\"icon_title_holder\"><div class=\"icon_holder q_icon_animation\" style=\" \"><img decoding=\"async\" itemprop=\"image\" style=\"\" src=\"https:\/\/www.chsonespases.com\/wp-content\/uploads\/2017\/12\/seguridad.png\" alt=\"\"><\/div><h4 class=\"icon_title\" style=\"color: #35435e;font-weight: 500;\">Seguretat<\/h4><\/div>[vc_separator type=\"small\" position=\"left\" color=\"#566590\" thickness=\"2\" width=\"78\" up=\"0\" down=\"15\"]<p style=''>El Servei de Seguretat i Vigil\u00e0ncia t\u00e9 com a objectiu vetllar i salvaguardar l'ordre i la integritat personal dels usuaris de l'Hospital de Son Espases, incloent pacients, treballadors i visitants.<\/p><\/div><\/div><\/div>[\/vc_column_inner][\/vc_row_inner][vc_row_inner row_type=&#8221;row&#8221; type=&#8221;full_width&#8221; text_align=&#8221;left&#8221; css_animation=&#8221;&#8221; css=&#8221;.vc_custom_1512572057809{padding-top: 60px !important;}&#8221;][vc_column_inner width=&#8221;1\/3&#8243;]<div class='q_icon_with_title medium custom_icon_image left_from_title'><div class=\"icon_text_holder\" style=\"\"><div class=\"icon_text_inner\" style=\"\"><div class=\"icon_title_holder\"><div class=\"icon_holder q_icon_animation\" style=\" \"><img decoding=\"async\" itemprop=\"image\" style=\"\" src=\"https:\/\/www.chsonespases.com\/wp-content\/uploads\/2017\/12\/tele-internet.png\" alt=\"\"><\/div><h4 class=\"icon_title\" style=\"color: #35435e;font-weight: 500;\">Televisi\u00f3, Telefonia i Internet<\/h4><\/div>[vc_separator type=\"small\" position=\"left\" color=\"#566590\" thickness=\"2\" width=\"78\" up=\"0\" down=\"15\"]<p style=''>El Servei de Televisi\u00f3, Telefonia i Internet proporciona aquests serveis a les habitacions de l'Hospital Universitari Son Espases i zones comunes, es presta mitjan\u00e7ant pantalles t\u00e0ctils individuals per a cada pacient hospitalitzat.<\/p><\/div><\/div><\/div><div class='q_icon_with_title medium custom_icon_image left_from_title'><div class=\"icon_text_holder\" style=\"\"><div class=\"icon_text_inner\" style=\"\"><div class=\"icon_title_holder\"><div class=\"icon_holder q_icon_animation\" style=\" \"><img decoding=\"async\" itemprop=\"image\" style=\"\" src=\"https:\/\/www.chsonespases.com\/wp-content\/uploads\/2017\/12\/guarderia.png\" alt=\"\"><\/div><h4 class=\"icon_title\" style=\"color: #35435e;font-weight: 500;\">Guarderia i Ludoteca<\/h4><\/div>[vc_separator type=\"small\" position=\"left\" color=\"#566590\" thickness=\"2\" width=\"78\" up=\"0\" down=\"15\"]<p style=''>El Servei de Guarderia i Ludoteca s'encarrega de la gesti\u00f3 assistencial i educativa dels nens i nenes de 0 a 3 anys que acudeixin a centre d'educaci\u00f3 preescolar ubicat a l'Hospital Universitari Son Espases. La ludoteca, per la seva banda, \u00e9s un espai l\u00fadic per als nens i nenes de 3 a 12 anys.<\/p><\/div><\/div><\/div>[\/vc_column_inner][vc_column_inner width=&#8221;1\/3&#8243;]<div class='q_icon_with_title medium custom_icon_image left_from_title'><div class=\"icon_text_holder\" style=\"\"><div class=\"icon_text_inner\" style=\"\"><div class=\"icon_title_holder\"><div class=\"icon_holder q_icon_animation\" style=\" \"><img decoding=\"async\" itemprop=\"image\" style=\"\" src=\"https:\/\/www.chsonespases.com\/wp-content\/uploads\/2017\/12\/maquinas-vending.png\" alt=\"\"><\/div><h4 class=\"icon_title\" style=\"color: #35435e;font-weight: 500;\">M\u00e0quines Vending<\/h4><\/div>[vc_separator type=\"small\" position=\"left\" color=\"#566590\" thickness=\"2\" width=\"78\" up=\"0\" down=\"15\"]<p style=''>El Servei de M\u00e0quines Vending s'encarrega de la gesti\u00f3 de les m\u00e0quines expenedores de begudes i productes alimentaris. El mateix compte amb m\u00e0quines de dispensaci\u00f3 automatitzades i modernes, repartides en les ubicacions amb major aflu\u00e8ncia d'usuaris.<\/p><\/div><\/div><\/div>[vc_empty_space][\/vc_column_inner][vc_column_inner width=&#8221;1\/3&#8243;]<div class='q_icon_with_title medium custom_icon_image left_from_title'><div class=\"icon_text_holder\" style=\"\"><div class=\"icon_text_inner\" style=\"\"><div class=\"icon_title_holder\"><div class=\"icon_holder q_icon_animation\" style=\" \"><img decoding=\"async\" itemprop=\"image\" style=\"\" src=\"https:\/\/www.chsonespases.com\/wp-content\/uploads\/2017\/12\/cafeteria.png\" alt=\"\"><\/div><h4 class=\"icon_title\" style=\"color: #35435e;font-weight: 500;\">Restauraci\u00f3<\/h4><\/div>[vc_separator type=\"small\" position=\"left\" color=\"#566590\" thickness=\"2\" width=\"78\" up=\"0\" down=\"15\"]<p style=''>El Servei de Restauraci\u00f3 proporciona una oferta gastron\u00f2mica saludable, oferint als usuaris una atenci\u00f3 i un espai cuidat i agradable durant la seva estada a l'Hospital Universitari Son Espases. La cafeteria es troba dividida en dos ambients en els quals s'ofereixen esmorzars, dinars i sopars per al personal sanitari i per al p\u00fablic en general.<\/p><\/div><\/div><\/div>[vc_empty_space][\/vc_column_inner][\/vc_row_inner][\/vc_column][\/vc_row]<\/p>\n<\/div>","protected":false},"excerpt":{"rendered":"<p>[vc_row row_type=&#8221;parallax&#8221; parallax_content_width=&#8221;in_grid&#8221; text_align=&#8221;left&#8221; background_image=&#8221;497&#8243; full_screen_section_height=&#8221;no&#8221;][vc_column][vc_row_inner row_type=&#8221;row&#8221; type=&#8221;grid&#8221; text_align=&#8221;left&#8221; css_animation=&#8221;&#8221; css=&#8221;.vc_custom_1512571538767{padding-top: 80px !important;}&#8221;][vc_column_inner width=&#8221;1\/3&#8243;][\/vc_column_inner][vc_column_inner width=&#8221;1\/3&#8243;][\/vc_column_inner][vc_column_inner width=&#8221;1\/3&#8243;][\/vc_column_inner][\/vc_row_inner][vc_row_inner row_type=&#8221;row&#8221; type=&#8221;grid&#8221; text_align=&#8221;left&#8221; css_animation=&#8221;&#8221; css=&#8221;.vc_custom_1512571549536{padding-top: 60px !important;}&#8221;][vc_column_inner width=&#8221;1\/3&#8243;][\/vc_column_inner][vc_column_inner width=&#8221;1\/3&#8243;][\/vc_column_inner][vc_column_inner width=&#8221;1\/3&#8243;][\/vc_column_inner][\/vc_row_inner][vc_row_inner row_type=&#8221;row&#8221; type=&#8221;full_width&#8221; text_align=&#8221;left&#8221; css_animation=&#8221;&#8221; css=&#8221;.vc_custom_1512571976203{padding-top: 60px !important;}&#8221;][vc_column_inner width=&#8221;1\/3&#8243;][\/vc_column_inner][vc_column_inner width=&#8221;1\/3&#8243;][\/vc_column_inner][vc_column_inner width=&#8221;1\/3&#8243;][\/vc_column_inner][\/vc_row_inner][vc_row_inner row_type=&#8221;row&#8221; type=&#8221;full_width&#8221; text_align=&#8221;left&#8221; css_animation=&#8221;&#8221;][vc_column_inner width=&#8221;1\/3&#8243;][\/vc_column_inner][vc_column_inner width=&#8221;1\/3&#8243;][\/vc_column_inner][vc_column_inner width=&#8221;1\/3&#8243;][\/vc_column_inner][\/vc_row_inner][vc_row_inner row_type=&#8221;row&#8221; type=&#8221;full_width&#8221;&#8230;<\/p>\n","protected":false},"author":3,"featured_media":0,"parent":0,"menu_order":0,"comment_status":"closed","ping_status":"closed","template":"full_width.php","meta":{"footnotes":""},"class_list":["post-1279","page","type-page","status-publish","hentry"],"_links":{"self":[{"href":"https:\/\/www.chsonespases.com\/ca\/wp-json\/wp\/v2\/pages\/1279","targetHints":{"allow":["GET"]}}],"collection":[{"href":"https:\/\/www.chsonespases.com\/ca\/wp-json\/wp\/v2\/pages"}],"about":[{"href":"https:\/\/www.chsonespases.com\/ca\/wp-json\/wp\/v2\/types\/page"}],"author":[{"embeddable":true,"href":"https:\/\/www.chsonespases.com\/ca\/wp-json\/wp\/v2\/users\/3"}],"replies":[{"embeddable":true,"href":"https:\/\/www.chsonespases.com\/ca\/wp-json\/wp\/v2\/comments?post=1279"}],"version-history":[{"count":0,"href":"https:\/\/www.chsonespases.com\/ca\/wp-json\/wp\/v2\/pages\/1279\/revisions"}],"wp:attachment":[{"href":"https:\/\/www.chsonespases.com\/ca\/wp-json\/wp\/v2\/media?parent=1279"}],"curies":[{"name":"wp","href":"https:\/\/api.w.org\/{rel}","templated":true}]}}