{"id":1334,"date":"2018-01-29T11:23:13","date_gmt":"2018-01-29T11:23:13","guid":{"rendered":"http:\/\/www.chsonespases.com\/aviso-legal\/"},"modified":"2019-04-09T06:49:53","modified_gmt":"2019-04-09T06:49:53","slug":"aviso-legal","status":"publish","type":"page","link":"https:\/\/www.chsonespases.com\/ca\/aviso-legal\/","title":{"rendered":"Aviso Legal"},"content":{"rendered":"<div class=\"wpb-content-wrapper\"><p>[vc_row css_animation=&#8221;&#8221; row_type=&#8221;row&#8221; use_row_as_full_screen_section=&#8221;no&#8221; type=&#8221;full_width&#8221; angled_section=&#8221;no&#8221; text_align=&#8221;left&#8221; background_image_as_pattern=&#8221;without_pattern&#8221;][vc_column][vc_column_text]<strong>AVISOS LEGALES<\/strong><\/p>\n<p>TITULARIDAD DE LA P\u00c1GINA WWW.CHSONESPASES.COM<br \/>\nEn cumplimiento de la Ley 34\/2002 de Servicio de la Sociedad de la Informaci\u00f3n y de Comercio Electr\u00f3nico (LSSICE), le informamos que la p\u00e1gina www.chsonespases.com es propiedad de la empresa Concession\u00e0ria Hospital Universitari Son Espases S.A, inscrita en el Registro Mercantil de Palma de Mallorca, Tomo 2262, folio 156, hoja PM-57616, inscripci\u00f3n 1.domicilio en Palma de Mallorca (07120), Ctra. Valldemosa 79.C.I.F.- A57464570<br \/>\nQueda prohibida su reproducci\u00f3n total o parcial sin la autorizaci\u00f3n expresa de CONCESSION\u00c0RIA HOSPITAL UNIVERSITARI SON ESPASES, S.A.<\/p>\n<p>&nbsp;<\/p>\n<p>&nbsp;<\/p>\n<p><strong>COOKIES<\/strong><br \/>\nEn cumplimiento con lo establecido en el art\u00edculo 22.2 de la Ley de Servicios de la Sociedad de la Informaci\u00f3n y del Comercio Electr\u00f3nico (LSSI) y en adecuaci\u00f3n con la Directiva Europea 2009\/136\/CE, CONCESSION\u00c0RIA HOSPITAL UNIVERSITARI SON ESPASES, S.A, como titular de esta p\u00e1gina le informa sobre la utilizaci\u00f3n de cookies en este portal.<br \/>\n\u00bfQu\u00e9 es una cookie? Las \u201ccookies\u201d son identificadores alfanum\u00e9ricos que se env\u00edan e instalan en el equipo del usuario, a trav\u00e9s de su navegador Web, con el fin de recopilar determinada informaci\u00f3n an\u00f3nima que en ning\u00fan caso permite identificar al usuario, y que en nuestro caso utilizamos para una correcta navegaci\u00f3n por nuestra p\u00e1gina y manejar datos estad\u00edsticos de la navegaci\u00f3n con el fin de mejorar los servicios que ofrecemos.<\/p>\n<p>Las concretas cookies que utilizamos son las siguientes:<\/p>\n<p>Le informamos de que puede configurar su navegador para rechazar o aceptar las cookies, todas o individualmente, o bien para que se borren autom\u00e1ticamente una vez que se cierre el navegador, equipo o dispositivo. No obstante, le advertimos que la no aceptaci\u00f3n de las cookies mientras visite nuestra web puede implicar el no funcionamiento de alguna de sus utilidades.<br \/>\nLa configuraci\u00f3n de las cookies en los principales navegadores se realiza de la siguiente forma:<br \/>\nGoogle Chrome\u00a0en Configuraci\u00f3n&gt;Privacidad&gt;Configuraci\u00f3n de contenido&gt;Cookies.<br \/>\nFirefox\u00a0en Preferencias&gt;Privacidad.<br \/>\nInternet Explorer\u00a0en Herramientas&gt;Opciones de Internet&gt;Privacidad&gt;Avanzada.<br \/>\nSafari\u00a0en Preferencias&gt;Privacidad.<br \/>\nAl navegar y continuar en nuestra web nos indica que est\u00e1 consintiendo el uso de las cookies antes enunciadas, y en las condiciones contenidas en la presente Pol\u00edtica de Cookies<\/p>\n<p>&nbsp;<\/p>\n<p>&nbsp;<\/p>\n<p><strong>INFORMACI\u00d3N RGPD<\/strong><\/p>\n<p>Recabamos a trav\u00e9s del formulario de contacto puesto a su disposici\u00f3n en la web los siguientes datos personales de los usuarios que hacen uso del mismo: nombre completo, direcci\u00f3n de correo electr\u00f3nico y aquellos que tengan a bien indicar en el mensaje. Esos datos se recaban para atender las cuestiones que nos puedan plantear a trav\u00e9s de ese formulario y hacer un seguimiento de las mismas, como puede ser a trav\u00e9s de encuestas de calidad. No se conservar\u00e1 dicha informaci\u00f3n m\u00e1s all\u00e1 de los plazos de prescripci\u00f3n de las responsabilidades en las que se pudiera incurrir por nuestra parte en su tratamiento.<\/p>\n<p>La responsable de ese tratamiento es la sociedad titular de esta p\u00e1gina, CONCESSION\u00c0RIA HOSPITAL UNIVERSITARI SON ESPASES, S.A. titular del CIF A57464570, con domicilio en 07120 Palma de Mallorca, Carretera de Valldemossa, n\u00famero 79, +1K.<\/p>\n<p>Nuestra empresa tiene nombrado un delegado de protecci\u00f3n de datos , con el que podr\u00e1 contactar a trav\u00e9s de la siguiente direcci\u00f3n de correo electr\u00f3nico: <a href=\"mailto:dpd@chsonespases.com\">dpd@chsonespases.com<\/a>.<\/p>\n<p>Cualquier persona tiene derecho a obtener confirmaci\u00f3n sobre si nuestra empresa est\u00e1 tratando datos personales que les conciernan, o no.<\/p>\n<p>Las personas interesadas tienen derecho a acceder a sus datos personales, as\u00ed como a solicitar la rectificaci\u00f3n de los datos inexactos o, en su caso, solicitar su supresi\u00f3n cuando, entre otros motivos, los datos ya no sean necesarios para los fines que fueron recogidos.<\/p>\n<p>En determinadas circunstancias, los interesados podr\u00e1n solicitar la limitaci\u00f3n del tratamiento de sus datos, en cuyo caso \u00fanicamente los conservaremos para el ejercicio o la defensa de reclamaciones.<\/p>\n<p>En determinadas circunstancias y por motivos relacionados con su situaci\u00f3n particular, los interesados podr\u00e1n oponerse al tratamiento de sus datos. En ese caso, de estimarse la procedencia de su solicitud, esta empresa dejar\u00e1 de tratar los datos, salvo por motivos leg\u00edtimos imperiosos, o el ejercicio o la defensa de posibles reclamaciones.<\/p>\n<p>Para ejercitar esos derechos deber\u00e1 dirigirse por escrito a Concession\u00e0ria Hospital Universitari Son Espases S.A., Departamento de Calidad, carretera de Valldemossa 79, +1K\u00a0 07120 Palma de Mallorca. En el mostrador de atenci\u00f3n al p\u00fablico de nuestras oficinas puede solicitar los impresos oportunos.<\/p>\n<p>Puede usted encontrar m\u00e1s informaci\u00f3n sobre los derechos que le reconoce la normativa europea y espa\u00f1ola en materia de protecci\u00f3n de datos visitando la web de la Agencia Espa\u00f1ola de Protecci\u00f3n de Datos, <a href=\"https:\/\/www.agpd.es\">https:\/\/www.agpd.es<\/a>. Igualmente, en esa p\u00e1gina web encontrar\u00e1 usted informaci\u00f3n sobre la forma en la que, si lo considera oportuno, puede formular una reclamaci\u00f3n ante esa autoridad de control en relaci\u00f3n con el tratamiento de datos personales por parte de esta empresa.<\/p>\n<p>&nbsp;<\/p>\n<p><strong>PROPIEDAD INTELECTUAL\/MARCAS<\/strong><br \/>\nLa reproducci\u00f3n, copia, uso, distribuci\u00f3n, comercializaci\u00f3n, comunicaci\u00f3n p\u00fablica o cualquier otra actividad que se pueda llevar a cabo con la informaci\u00f3n contenida en estas p\u00e1ginas web y que se realice sin autorizaci\u00f3n expresa por parte de CONCESSION\u00c0RIA HOSPITAL UNIVERSITARI SON ESPASES, S.A y\/o de los propietarios de las marcas, es una infracci\u00f3n que castiga la legislaci\u00f3n vigente.<br \/>\nLos nombres y logotipos expuestos en estas p\u00e1ginas son marcas comerciales registradas, propiedad de CONCESSION\u00c0RIA HOSPITAL UNIVERSITARI SON ESPASES, S.A.<br \/>\nCONCESSION\u00c0RIA HOSPITAL UNIVERSITARI SON ESPASES, S.A rechaza toda responsabilidad que se derive de la mala utilizaci\u00f3n de los contenidos expuestos en estas p\u00e1ginas y se reserva el derecho a actualizarlos, eliminarlos, establecer limitaciones o restringir su acceso en cualquier momento, de manera temporal o permanente.<br \/>\nCONCESSION\u00c0RIA HOSPITAL UNIVERSITARI SON ESPASES, S.A rechaza las responsabilidades que puedan derivarse de cualquier informaci\u00f3n no contenida u erronea en esta p\u00e1gina web. Y en concreto, rechaza la responsabilidad sobre la informaci\u00f3n contenida en p\u00e1ginas web de terceras personas conectadas mediante enlaces (links), con las p\u00e1ginas web de CONCESSION\u00c0RIA HOSPITAL UNIVERSITARI SON ESPASES, S.A.<br \/>\nCONCESSION\u00c0RIA HOSPITAL UNIVERSITARI SON ESPASES, S.A no se hace responsable de los posibles errores de seguridad que se pudieran producir por el hecho de utilizar ordenadores infectados con Virus inform\u00e1ticos o de las consecuencias que se pudieran derivar del mal funcionamiento del navegador o por el uso de versiones no actualizadas de \u00e9ste.<br \/>\nOBLIGACIONES Y RESPONSABILIDADES DEL USUARIO DEL SITIO WEB<br \/>\nEl Usuario se compromete a:<br \/>\nHacer un uso adecuado y l\u00edcito del Sitio Web as\u00ed como de los contenidos y servicios, de conformidad con: (I) la legislaci\u00f3n aplicable en cada momento; (II) las Condiciones Generales de Uso del Sitio Web; (III) la moral y buenas costumbres generalmente aceptadas y (IV) el orden p\u00fablico.<br \/>\nProveerse de todos los medios y requerimientos t\u00e9cnicos que se precisen para acceder al Sitio Web.<br \/>\nEl Usuario deber\u00e1 abstenerse de:<br \/>\na) Hacer un uso no autorizado o fraudulento del Sitio Web y\/o de los contenidos con fines o efectos il\u00edcitos, prohibidos en las presentes Condiciones Generales de Uso, lesivos de los derechos e intereses de terceros, o que de cualquier forma puedan da\u00f1ar, inutilizar, sobrecargar, deteriorar o impedir la normal utilizaci\u00f3n de los servicios o los documentos, archivos y toda clase de contenidos almacenados en cualquier equipo inform\u00e1tico.<br \/>\nb) Acceder o intentar acceder a recursos o \u00e1reas restringidas del Sitio Web, sin cumplir las condiciones exigidas para dicho acceso.<br \/>\nc) Provocar da\u00f1os en los sistemas f\u00edsicos o l\u00f3gicos del Sitio Web, de sus proveedores o de terceros.<br \/>\nd) Introducir o difundir en la red virus inform\u00e1ticos o cualesquiera otros sistemas f\u00edsicos o l\u00f3gicos que sean susceptibles de provocar da\u00f1os en los sistemas f\u00edsicos o l\u00f3gicos de CONCESSION\u00c0RIA HOSPITAL UNIVERSITARI SON ESPASES S.A, de sus proveedores o de terceros.<br \/>\ne) Intentar acceder, utilizar y\/o manipular los datos de CONCESSION\u00c0RIA HOSPITAL UNIVERSITARI SON ESPASES S.A, terceros proveedores y otros Usuarios.<br \/>\nf) Reproducir o copiar, distribuir, permitir el acceso del p\u00fablico a trav\u00e9s de cualquier modalidad de comunicaci\u00f3n p\u00fablica, transformar o modificar los contenidos, a menos que se cuente con la autorizaci\u00f3n del titular de los correspondientes derechos o ello resulte legalmente permitido.<br \/>\ng) Suprimir, ocultar o manipular las notas sobre derechos de propiedad intelectual o industrial y dem\u00e1s datos identificativos de los derechos de CONCESSION\u00c0RIA HOSPITAL UNIVERSITARI SON ESPASES S.A o de terceros incorporados a los contenidos, as\u00ed como los dispositivos t\u00e9cnicos de protecci\u00f3n o cualesquiera mecanismos de informaci\u00f3n que puedan insertarse en los contenidos.<br \/>\nh) Obtener e intentar obtener los contenidos empleando para ello medios o procedimientos distintos de los que, seg\u00fan los casos, se hayan puesto a su disposici\u00f3n a este efecto o se hayan indicado expresamente en las p\u00e1ginas web donde se encuentren los contenidos o, en general, de los que se empleen habitualmente en Internet por no entra\u00f1ar un riesgo de da\u00f1o o inutilizaci\u00f3n del sitio web y\/o de los contenidos.<br \/>\ni) En particular, y a t\u00edtulo meramente indicativo y no exhaustivo, el Usuario se compromete a no transmitir, difundir o poner a disposici\u00f3n de terceros informaciones, datos, contenidos, mensajes, gr\u00e1ficos, dibujos, archivos de sonido y\/o imagen, fotograf\u00edas, grabaciones, software y, en general, cualquier clase de material que:<br \/>\n(I) De cualquier forma sea contrario, menosprecie o atente contra los derechos fundamentales y las libertades p\u00fablicas reconocidas constitucionalmente, en los Tratados Internacionales y en el resto de la legislaci\u00f3n vigente.<br \/>\n(II) Induzca, incite o promueva actuaciones delictivas, denigratorias, difamatorias, violentas o, en general, contrarias a la ley, a la moral, a las buenas costumbres generalmente aceptadas o al orden p\u00fablico.<br \/>\n(III) Induzca, incite o promueva actuaciones, actitudes o pensamientos discriminatorios por raz\u00f3n de sexo, raza, religi\u00f3n, creencias, edad o condici\u00f3n.<br \/>\n(IV) Incorpore, ponga a disposici\u00f3n o permita acceder a productos, elementos, mensajes y\/o servicios delictivos, violentos, ofensivos, nocivos, degradantes o, en general, contrarios a la ley, a la moral y a las buenas costumbres generalmente aceptadas o al orden p\u00fablico.<br \/>\n(V) Induzca o pueda inducir a un estado inaceptable de ansiedad o temor.<br \/>\n(VI) Induzca o incite a involucrarse en pr\u00e1cticas peligrosas, de riesgo o nocivas para la salud y el equilibrio ps\u00edquico.<br \/>\n(VII) Se encuentra protegido por la legislaci\u00f3n en materia de protecci\u00f3n intelectual o industrial perteneciente a CONCESSION\u00c0RIA HOSPITAL UNIVERSITARI SON ESPASES, S.A o a terceros sin que haya sido autorizado el uso que se pretenda realizar.<br \/>\n(VIII) Sea contrario al honor, a la intimidad personal y familiar o a la propia imagen de las personas.<br \/>\n(IX) Constituya cualquier tipo de publicidad.<br \/>\n(X) Incluya cualquier tipo de virus o programa que impida el normal funcionamiento del Sitio Web.<br \/>\nSi de manera negligente o dolosa incumpliera cualquiera de las obligaciones establecidas en las presentes Condiciones Generales de Uso, responder\u00e1 por todos los da\u00f1os y perjuicios que de dicho incumplimiento pudieran derivarse para CONCESSION\u00c0RIA HOSPITAL UNIVERSITARI SON ESPASES, S.A .<\/p>\n<p>&nbsp;<\/p>\n<p>&nbsp;<\/p>\n<p><strong>RESPONSABILIDADES<\/strong><br \/>\nCONCESSION\u00c0RIA HOSPITAL UNIVERSITARI SON ESPASES, S.A no garantiza el acceso continuado, ni la correcta visualizaci\u00f3n, descarga o utilidad de los elementos e informaciones contenidas en las p\u00e1ginas CONCESSION\u00c0RIA HOSPITAL UNIVERSITARI SON ESPASES, S.A , que pueden verse impedidos, dificultados o interrumpidos por factores o circunstancias que est\u00e1n fuera de su control.<br \/>\nCONCESSION\u00c0RIA HOSPITAL UNIVERSITARI SON ESPASES, S.A no se hace responsable de las decisiones que pudieran adoptarse como consecuencia del acceso a los contenidos o informaciones ofrecidas.<br \/>\nCONCESSION\u00c0RIA HOSPITAL UNIVERSITARI SON ESPASES, S.A podr\u00e1 interrumpir el servicio o resolver de modo inmediato la relaci\u00f3n con el Usuario si detecta que un uso de su Sitio Web o de cualquiera de los servicios ofertados en el mismo son contrarios a las presentes Condiciones Generales de Uso. CONCESSION\u00c0RIA HOSPITAL UNIVERSITARI SON ESPASES, S.A no se hace responsable por da\u00f1os, perjuicios, p\u00e9rdidas, reclamaciones o gastos derivados del uso del Sitio Web. \u00danicamente ser\u00e1 responsable de eliminar, lo antes posible, los contenidos que puedan generar tales perjuicios, siempre que as\u00ed se notifique. En especial no ser\u00e1 responsable de los perjuicios que se pudieran derivar, entre otros, de:<br \/>\n(I) interferencias, interrupciones, fallos, omisiones, aver\u00edas telef\u00f3nicas, retrasos, bloqueos o desconexiones en el funcionamiento del sistema electr\u00f3nico, motivadas por deficiencias, sobrecargas y errores en las l\u00edneas y redes de telecomunicaciones, o por cualquier otra causa ajena al control de CONCESSION\u00c0RIA HOSPITAL UNIVERSITARI SON ESPASES, S.A .<br \/>\n(II) intromisiones ileg\u00edtimas mediante el uso de programas malignos de cualquier tipo y a trav\u00e9s de cualquier medio de comunicaci\u00f3n, tales como virus inform\u00e1ticos o cualesquiera otros.<br \/>\n(III) abuso indebido o inadecuado del Sitio Web.<br \/>\n(IV) errores de seguridad o navegaci\u00f3n producidos por un mal funcionamiento del navegador o por el uso de versiones no actualizadas del mismo. Los administradores de CONCESSION\u00c0RIA HOSPITAL UNIVERSITARI SON ESPASES, S.A se reservan el derecho de retirar, total o parcialmente, cualquier contenido o informaci\u00f3n presente en el Sitio Web.<br \/>\nCONCESSION\u00c0RIA HOSPITAL UNIVERSITARI SON ESPASES, S.A excluye cualquier responsabilidad por los da\u00f1os y perjuicios de toda naturaleza que pudieran deberse a la mala utilizaci\u00f3n de los servicios de libre disposici\u00f3n y uso por parte de los Usuarios de Sitio Web. Asimismo, CONCESSION\u00c0RIA HOSPITAL UNIVERSITARI SON ESPASES, S.A queda exonerado de cualquier responsabilidad por el contenido e informaciones que puedan ser recibidas como consecuencia de los formularios de recogida de datos, estando los mismos \u00fanicamente para la prestaci\u00f3n de los servicios de consultas y dudas. Por otro lado, en caso de causar da\u00f1os y perjuicios por un uso il\u00edcito o incorrecto de dichos servicios, podr\u00e1 ser el Usuario reclamado por CONCESSION\u00c0RIA HOSPITAL UNIVERSITARI SON ESPASES, S.A de los da\u00f1os o perjuicios causados.<br \/>\nUsted defender\u00e1, indemnizar\u00e1 y mantendr\u00e1 a CONCESSION\u00c0RIA HOSPITAL UNIVERSITARI SON ESPASES, S.A indemne frente a cualesquiera da\u00f1os y perjuicios que se deriven de reclamaciones, acciones o demandas de terceros como consecuencia de su acceso o uso del Sitio Web.<br \/>\nAsimismo, usted se obliga a indemnizar CONCESSION\u00c0RIA HOSPITAL UNIVERSITARI SON ESPASES, S.A frente a cualesquiera da\u00f1os y perjuicios, que se deriven del uso por su parte de \u201crobots\u201d, \u201cspiders\u201d, \u201ccrawlers\u201d o herramientas similares empleadas con el fin de recabar o extraer datos o de cualquier otra actuaci\u00f3n por su parte que imponga una carga irrazonable sobre el funcionamiento del Sitio Web.[\/vc_column_text][\/vc_column][\/vc_row]<\/p>\n<\/div>","protected":false},"excerpt":{"rendered":"<p>[vc_row css_animation=&#8221;&#8221; row_type=&#8221;row&#8221; use_row_as_full_screen_section=&#8221;no&#8221; type=&#8221;full_width&#8221; angled_section=&#8221;no&#8221; text_align=&#8221;left&#8221; background_image_as_pattern=&#8221;without_pattern&#8221;][vc_column][vc_column_text]AVISOS LEGALES TITULARIDAD DE LA P\u00c1GINA WWW.CHSONESPASES.COM En cumplimiento de la Ley 34\/2002 de Servicio de la Sociedad de la Informaci\u00f3n y de Comercio Electr\u00f3nico (LSSICE), le informamos que la p\u00e1gina www.chsonespases.com es propiedad de la empresa Concession\u00e0ria&#8230;<\/p>\n","protected":false},"author":3,"featured_media":0,"parent":0,"menu_order":0,"comment_status":"closed","ping_status":"closed","template":"","meta":{"footnotes":""},"class_list":["post-1334","page","type-page","status-publish","hentry"],"_links":{"self":[{"href":"https:\/\/www.chsonespases.com\/ca\/wp-json\/wp\/v2\/pages\/1334","targetHints":{"allow":["GET"]}}],"collection":[{"href":"https:\/\/www.chsonespases.com\/ca\/wp-json\/wp\/v2\/pages"}],"about":[{"href":"https:\/\/www.chsonespases.com\/ca\/wp-json\/wp\/v2\/types\/page"}],"author":[{"embeddable":true,"href":"https:\/\/www.chsonespases.com\/ca\/wp-json\/wp\/v2\/users\/3"}],"replies":[{"embeddable":true,"href":"https:\/\/www.chsonespases.com\/ca\/wp-json\/wp\/v2\/comments?post=1334"}],"version-history":[{"count":0,"href":"https:\/\/www.chsonespases.com\/ca\/wp-json\/wp\/v2\/pages\/1334\/revisions"}],"wp:attachment":[{"href":"https:\/\/www.chsonespases.com\/ca\/wp-json\/wp\/v2\/media?parent=1334"}],"curies":[{"name":"wp","href":"https:\/\/api.w.org\/{rel}","templated":true}]}}